{"id":49,"date":"2012-03-26T20:34:05","date_gmt":"2012-03-26T20:34:05","guid":{"rendered":"http:\/\/www.mandolin-tempo-bordeaux.fr\/?page_id=49"},"modified":"2012-04-03T07:16:03","modified_gmt":"2012-04-03T07:16:03","slug":"archives","status":"publish","type":"page","link":"http:\/\/www.mandolin-tempo-bordeaux.fr\/?page_id=49","title":{"rendered":"Archives"},"content":{"rendered":"<p><a href=\"\/wp-content\/uploads\/archives\/2eme semaine de la mandoline.pdf\" target=\"_blank\">Programme de la Deuxi\u00e8me Semaine de la Mandoline en Gironde<\/a><\/p>\n<p><a href=\"\/wp-content\/uploads\/archives\/III\u00e8me semaine de la mandoline en Gironde.pdf\" target=\"_blank\">Programme de la Troisi\u00e8me Semaine de la Mandoline en Gironde<\/a><\/p>\n<p><a href=\"\/wp-content\/uploads\/archives\/Affiche semaine de la mandoline 2010.jpg\" target=\"_blank\">Affiche de la Troisi\u00e8me Semaine de la Mandoline en Gironde<\/a><\/p>\n","protected":false},"excerpt":{"rendered":"<p>Programme de la Deuxi\u00e8me Semaine de la Mandoline en Gironde Programme de la Troisi\u00e8me Semaine de la Mandoline en Gironde Affiche de la Troisi\u00e8me Semaine de la Mandoline en Gironde<\/p>\n","protected":false},"author":1,"featured_media":0,"parent":0,"menu_order":0,"comment_status":"closed","ping_status":"closed","template":"sidebar-page.php","meta":{"ngg_post_thumbnail":0,"footnotes":""},"class_list":["post-49","page","type-page","status-publish","hentry"],"_links":{"self":[{"href":"http:\/\/www.mandolin-tempo-bordeaux.fr\/index.php?rest_route=\/wp\/v2\/pages\/49","targetHints":{"allow":["GET"]}}],"collection":[{"href":"http:\/\/www.mandolin-tempo-bordeaux.fr\/index.php?rest_route=\/wp\/v2\/pages"}],"about":[{"href":"http:\/\/www.mandolin-tempo-bordeaux.fr\/index.php?rest_route=\/wp\/v2\/types\/page"}],"author":[{"embeddable":true,"href":"http:\/\/www.mandolin-tempo-bordeaux.fr\/index.php?rest_route=\/wp\/v2\/users\/1"}],"replies":[{"embeddable":true,"href":"http:\/\/www.mandolin-tempo-bordeaux.fr\/index.php?rest_route=%2Fwp%2Fv2%2Fcomments&post=49"}],"version-history":[{"count":6,"href":"http:\/\/www.mandolin-tempo-bordeaux.fr\/index.php?rest_route=\/wp\/v2\/pages\/49\/revisions"}],"predecessor-version":[{"id":140,"href":"http:\/\/www.mandolin-tempo-bordeaux.fr\/index.php?rest_route=\/wp\/v2\/pages\/49\/revisions\/140"}],"wp:attachment":[{"href":"http:\/\/www.mandolin-tempo-bordeaux.fr\/index.php?rest_route=%2Fwp%2Fv2%2Fmedia&parent=49"}],"curies":[{"name":"wp","href":"https:\/\/api.w.org\/{rel}","templated":true}]}}