{"id":51,"date":"2012-03-26T20:34:54","date_gmt":"2012-03-26T20:34:54","guid":{"rendered":"http:\/\/www.mandolin-tempo-bordeaux.fr\/?page_id=51"},"modified":"2016-03-19T21:22:17","modified_gmt":"2016-03-19T21:22:17","slug":"contactez-nous","status":"publish","type":"page","link":"http:\/\/www.mandolin-tempo-bordeaux.fr\/?page_id=51","title":{"rendered":"Contactez-nous"},"content":{"rendered":"<h1><\/h1>\n<p>Courriel : <a href=\"mailto:mandolintempo@laposte.net\">mandolintempo@laposte.net<\/a><\/p>\n<p>T\u00e9l : 06 19 04 89 78<\/p>\n<p>Pour venir \u00e0 St Andr\u00e9 de Cubzac (Salle Champ de Foire) depuis Bordeaux :<\/p>\n<p>Prendre l&rsquo;A10 direction Paris et sortie 40B<\/p>\n<p><a href=\"http:\/\/www.mandolin-tempo-bordeaux.fr\/wp-content\/uploads\/2012\/03\/Venir-\u00e0-St-Andr\u00e9-de-C.jpg\"><img loading=\"lazy\" decoding=\"async\" class=\"aligncenter size-full wp-image-670\" title=\"Venir \u00e0 St Andr\u00e9 de C\" src=\"http:\/\/www.mandolin-tempo-bordeaux.fr\/wp-content\/uploads\/2012\/03\/Venir-\u00e0-St-Andr\u00e9-de-C.jpg\" alt=\"\" width=\"594\" height=\"840\" srcset=\"http:\/\/www.mandolin-tempo-bordeaux.fr\/wp-content\/uploads\/2012\/03\/Venir-\u00e0-St-Andr\u00e9-de-C.jpg 594w, http:\/\/www.mandolin-tempo-bordeaux.fr\/wp-content\/uploads\/2012\/03\/Venir-\u00e0-St-Andr\u00e9-de-C-212x300.jpg 212w\" sizes=\"auto, (max-width: 594px) 100vw, 594px\" \/><\/a><\/p>\n","protected":false},"excerpt":{"rendered":"<p>Courriel : mandolintempo@laposte.net T\u00e9l : 06 19 04 89 78 Pour venir \u00e0 St Andr\u00e9 de Cubzac (Salle Champ de Foire) depuis Bordeaux : Prendre l&rsquo;A10 direction Paris et sortie 40B<\/p>\n","protected":false},"author":1,"featured_media":0,"parent":0,"menu_order":0,"comment_status":"open","ping_status":"closed","template":"sidebar-page.php","meta":{"ngg_post_thumbnail":0,"footnotes":""},"class_list":["post-51","page","type-page","status-publish","hentry"],"_links":{"self":[{"href":"http:\/\/www.mandolin-tempo-bordeaux.fr\/index.php?rest_route=\/wp\/v2\/pages\/51","targetHints":{"allow":["GET"]}}],"collection":[{"href":"http:\/\/www.mandolin-tempo-bordeaux.fr\/index.php?rest_route=\/wp\/v2\/pages"}],"about":[{"href":"http:\/\/www.mandolin-tempo-bordeaux.fr\/index.php?rest_route=\/wp\/v2\/types\/page"}],"author":[{"embeddable":true,"href":"http:\/\/www.mandolin-tempo-bordeaux.fr\/index.php?rest_route=\/wp\/v2\/users\/1"}],"replies":[{"embeddable":true,"href":"http:\/\/www.mandolin-tempo-bordeaux.fr\/index.php?rest_route=%2Fwp%2Fv2%2Fcomments&post=51"}],"version-history":[{"count":7,"href":"http:\/\/www.mandolin-tempo-bordeaux.fr\/index.php?rest_route=\/wp\/v2\/pages\/51\/revisions"}],"predecessor-version":[{"id":672,"href":"http:\/\/www.mandolin-tempo-bordeaux.fr\/index.php?rest_route=\/wp\/v2\/pages\/51\/revisions\/672"}],"wp:attachment":[{"href":"http:\/\/www.mandolin-tempo-bordeaux.fr\/index.php?rest_route=%2Fwp%2Fv2%2Fmedia&parent=51"}],"curies":[{"name":"wp","href":"https:\/\/api.w.org\/{rel}","templated":true}]}}